{"id":18,"date":"2015-10-07T23:42:54","date_gmt":"2015-10-07T21:42:54","guid":{"rendered":"http:\/\/www.chiesavaldesepalermo.it\/pa\/?page_id=18"},"modified":"2020-03-12T11:50:42","modified_gmt":"2020-03-12T10:50:42","slug":"sostenere-la-chiesa","status":"publish","type":"page","link":"https:\/\/www.chiesavaldesepalermo.it\/pa\/sostenere-la-chiesa\/","title":{"rendered":"Sostenere la chiesa"},"content":{"rendered":"<h2>Il denaro nella chiesa<\/h2>\n<p>Le attivit\u00e0 di culto, evangelizzazione e istruzione religiosa nelle chiese metodiste e valdesi sono finanziate unicamente dalle libere offerte e contribuzioni dei membri di chiesa e simpatizzanti, dai doni di amici in Italia e all&#8217;estero, dai proventi di alcuni immobili di reddito.<\/p>\n<p><strong>I fondi pubblici derivanti dall&#8217;Otto per mille dell&#8217;IRPEF vengono destinati unicamente a sostenere attivit\u00e0 sociali, umanitarie, educative e culturali, sia in Italia che all&#8217;estero.<\/strong><\/p>\n<p>&nbsp;<\/p>\n<h2>Perch\u00e9 contribuire<\/h2>\n<p>Le chiese metodiste e valdesi provvedono direttamente al mantenimento dei pastori e dei diaconi, ai costi per la costruzione dei locali di culto e per il funzionamento della chiesa. Pertanto essi si affidano al <strong>tuo contributo finanziario<\/strong>.<\/p>\n<p>Ricordati che la tua contribuzione alla chiesa \u00e8 <strong>fiscalmente deducibile dalla tua dichiarazione dei redditi<\/strong> fino a un ammontare annuo di 1.032,91 euro purch\u00e8 tu abbia richiesto la necessaria certificazione alla chiesa a cui hai fatto l&#8217;offerta.<\/p>\n<p>&nbsp;<\/p>\n<h2>Quanto\u00a0contribuire<\/h2>\n<p><em>&#8220;Ognuno dar\u00e0 quel che potr\u00e0, secondo le benedizioni che il Signore, il tuo Dio, ti avr\u00e0 elargite&#8221;<\/em> (Deut. 16,17)<\/p>\n<p><em>&#8220;A chi molto \u00e8 stato dato, molto sar\u00e0 richiesto; e a chi molto \u00e8 stato affidato, tanto pi\u00f9 si richieder\u00e0&#8221;<\/em> (Luca 12,48)<\/p>\n<p>Secondo la tradizione biblica, in molte chiese evangeliche vige la prassi della decima, cio\u00e8 la contribuzione pari al 10% del proprio reddito.<\/p>\n<p>Nelle chiese metodiste e valdesi si indica il <strong>3%<\/strong> del proprio reddito netto come percentuale adeguata alla copertura dei costi ecclesiastici, costi che si attengono al principio di sobriet\u00e0 che dovrebbe caratterizzare anche la vita dei credenti.<\/p>\n<p>Se vuoi, puoi comodamente attivare tramite PayPal un pagamento ricorrente in base alla tua disponibilit\u00e0: scegli se contribuire per 10, 25, 50 o 100 euro al mese col modulo che trovi qui di seguito. Ricorda di inserire il tuo codice fiscale per ottenere la ricevuta necessaria per scaricare le tue donazioni all&#8217;atto della dichiarazione dei redditi.<\/p>\n<form action=\"https:\/\/www.paypal.com\/cgi-bin\/webscr\" method=\"post\" target=\"_top\"><input name=\"cmd\" type=\"hidden\" value=\"_s-xclick\" \/><br \/>\n<input name=\"hosted_button_id\" type=\"hidden\" value=\"CAYVM33WJJ982\" \/><\/p>\n<table>\n<tbody>\n<tr>\n<td><input name=\"on0\" type=\"hidden\" value=\"Opzione di sottoscrizione\" \/>Opzione di sottoscrizione<\/td>\n<\/tr>\n<tr>\n<td><select name=\"os0\"><option value=\"Mensile 10\">Mensile 10 : \u20ac10,00 EUR &#8211; mensile<\/option><option value=\"Mensile 25\">Mensile 25 : \u20ac25,00 EUR &#8211; mensile<\/option><option value=\"Mensile 50\">Mensile 50 : \u20ac50,00 EUR &#8211; mensile<\/option><option value=\"Mensile 100\">Mensile 100 : \u20ac100,00 EUR &#8211; mensile<\/option><\/select><\/td>\n<\/tr>\n<tr>\n<td><input name=\"on1\" type=\"hidden\" value=\"Codice fiscale\" \/>Codice fiscale<\/td>\n<\/tr>\n<tr>\n<td><input maxlength=\"200\" name=\"os1\" type=\"text\" \/><\/td>\n<\/tr>\n<\/tbody>\n<\/table>\n<p><input name=\"currency_code\" type=\"hidden\" value=\"EUR\" \/><br \/>\n<input alt=\"PayPal \u00e8 il metodo rapido e sicuro per pagare e farsi pagare online.\" name=\"submit\" src=\"https:\/\/www.paypalobjects.com\/it_IT\/IT\/i\/btn\/btn_subscribeCC_LG.gif\" type=\"image\" \/><br \/>\n<img loading=\"lazy\" decoding=\"async\" src=\"https:\/\/www.paypalobjects.com\/it_IT\/i\/scr\/pixel.gif\" alt=\"\" width=\"1\" height=\"1\" border=\"0\" \/><\/p>\n<\/form>\n<p>&nbsp;<\/p>\n<h2>Come contribuire<\/h2>\n<ul>\n<li><strong>In chiesa<\/strong>: puoi donare per la colletta settimanale e\/o versare con regolarit\u00e0 (in qualit\u00e0 di membro di chiesa) nelle apposite buste site all&#8217;ingresso del tempio<\/li>\n<li><strong>Tramite bonifico<\/strong>: il nostro conto, intestato a Chiesa Evangelica Valdese, si appoggia alla Banca Prossima; IBAN IT85D0335901600100000124952<\/li>\n<li><strong>Con Carta di Credito e PayPal<\/strong>: sono accettate tutte le maggiori carte di credito\/debito e non devi necessariamente essere registrato a PayPal&#8230; basta cliccare sul bottone &#8220;Donazione&#8221; che trovi di seguito<\/li>\n<\/ul>\n<form action=\"https:\/\/www.paypal.com\/cgi-bin\/webscr\" method=\"post\" target=\"_top\"><input name=\"hosted_button_id\" type=\"hidden\" value=\"RXW8X86NBEFKE\" \/><br \/>\n<input title=\"PayPal - The safer, easier way to pay online!\" alt=\"Fai una donazione con il pulsante PayPal\" name=\"submit\" src=\"https:\/\/www.paypalobjects.com\/it_IT\/IT\/i\/btn\/btn_donate_SM.gif\" type=\"image\" \/><br \/>\n<img loading=\"lazy\" decoding=\"async\" src=\"https:\/\/www.paypal.com\/it_IT\/i\/scr\/pixel.gif\" alt=\"\" width=\"1\" height=\"1\" border=\"0\" \/><\/form>\n","protected":false},"excerpt":{"rendered":"<p>Il denaro nella chiesa Le attivit\u00e0 di culto, evangelizzazione e istruzione religiosa nelle chiese metodiste e valdesi sono finanziate unicamente dalle libere offerte e contribuzioni dei membri di chiesa e [&hellip;]<\/p>\n","protected":false},"author":1,"featured_media":278,"parent":0,"menu_order":0,"comment_status":"closed","ping_status":"closed","template":"","meta":{"_EventAllDay":false,"_EventTimezone":"","_EventStartDate":"","_EventEndDate":"","_EventStartDateUTC":"","_EventEndDateUTC":"","_EventShowMap":false,"_EventShowMapLink":false,"_EventURL":"","_EventCost":"","_EventCostDescription":"","_EventCurrencySymbol":"","_EventCurrencyCode":"","_EventCurrencyPosition":"","_EventDateTimeSeparator":"","_EventTimeRangeSeparator":"","_EventOrganizerID":[],"_EventVenueID":[],"_OrganizerEmail":"","_OrganizerPhone":"","_OrganizerWebsite":"","_VenueAddress":"","_VenueCity":"","_VenueCountry":"","_VenueProvince":"","_VenueState":"","_VenueZip":"","_VenuePhone":"","_VenueURL":"","_VenueStateProvince":"","_VenueLat":"","_VenueLng":"","_VenueShowMap":false,"_VenueShowMapLink":false,"footnotes":""},"class_list":["post-18","page","type-page","status-publish","has-post-thumbnail","czr-hentry"],"yoast_head":"<!-- This site is optimized with the Yoast SEO plugin v27.4 - https:\/\/yoast.com\/product\/yoast-seo-wordpress\/ -->\n<title>Sostenere la chiesa - Chiesa Valdese Palermo<\/title>\n<meta name=\"robots\" content=\"index, follow, max-snippet:-1, max-image-preview:large, max-video-preview:-1\" \/>\n<link rel=\"canonical\" href=\"https:\/\/www.chiesavaldesepalermo.it\/pa\/sostenere-la-chiesa\/\" \/>\n<meta property=\"og:locale\" content=\"it_IT\" \/>\n<meta property=\"og:type\" content=\"article\" \/>\n<meta property=\"og:title\" content=\"Sostenere la chiesa - Chiesa Valdese Palermo\" \/>\n<meta property=\"og:description\" content=\"Il denaro nella chiesa Le attivit\u00e0 di culto, evangelizzazione e istruzione religiosa nelle chiese metodiste e valdesi sono finanziate unicamente dalle libere offerte e contribuzioni dei membri di chiesa e [&hellip;]\" \/>\n<meta property=\"og:url\" content=\"https:\/\/www.chiesavaldesepalermo.it\/pa\/sostenere-la-chiesa\/\" \/>\n<meta property=\"og:site_name\" content=\"Chiesa Valdese Palermo\" \/>\n<meta property=\"article:publisher\" content=\"https:\/\/www.facebook.com\/chiesavaldese.dipalermo\/\" \/>\n<meta property=\"article:modified_time\" content=\"2020-03-12T10:50:42+00:00\" \/>\n<meta property=\"og:image\" content=\"https:\/\/www.chiesavaldesepalermo.it\/pa\/wp-content\/uploads\/2015\/10\/sostenere.png\" \/>\n\t<meta property=\"og:image:width\" content=\"1136\" \/>\n\t<meta property=\"og:image:height\" content=\"1200\" \/>\n\t<meta property=\"og:image:type\" content=\"image\/png\" \/>\n<meta name=\"twitter:card\" content=\"summary_large_image\" \/>\n<meta name=\"twitter:site\" content=\"@ValdesePa\" \/>\n<meta name=\"twitter:label1\" content=\"Tempo di lettura stimato\" \/>\n\t<meta name=\"twitter:data1\" content=\"2 minuti\" \/>\n<script type=\"application\/ld+json\" class=\"yoast-schema-graph\">{\"@context\":\"https:\\\/\\\/schema.org\",\"@graph\":[{\"@type\":\"WebPage\",\"@id\":\"https:\\\/\\\/www.chiesavaldesepalermo.it\\\/pa\\\/sostenere-la-chiesa\\\/\",\"url\":\"https:\\\/\\\/www.chiesavaldesepalermo.it\\\/pa\\\/sostenere-la-chiesa\\\/\",\"name\":\"Sostenere la chiesa - Chiesa Valdese Palermo\",\"isPartOf\":{\"@id\":\"https:\\\/\\\/www.chiesavaldesepalermo.it\\\/pa\\\/#website\"},\"primaryImageOfPage\":{\"@id\":\"https:\\\/\\\/www.chiesavaldesepalermo.it\\\/pa\\\/sostenere-la-chiesa\\\/#primaryimage\"},\"image\":{\"@id\":\"https:\\\/\\\/www.chiesavaldesepalermo.it\\\/pa\\\/sostenere-la-chiesa\\\/#primaryimage\"},\"thumbnailUrl\":\"https:\\\/\\\/www.chiesavaldesepalermo.it\\\/pa\\\/wp-content\\\/uploads\\\/2015\\\/10\\\/sostenere.png\",\"datePublished\":\"2015-10-07T21:42:54+00:00\",\"dateModified\":\"2020-03-12T10:50:42+00:00\",\"breadcrumb\":{\"@id\":\"https:\\\/\\\/www.chiesavaldesepalermo.it\\\/pa\\\/sostenere-la-chiesa\\\/#breadcrumb\"},\"inLanguage\":\"it-IT\",\"potentialAction\":[{\"@type\":\"ReadAction\",\"target\":[\"https:\\\/\\\/www.chiesavaldesepalermo.it\\\/pa\\\/sostenere-la-chiesa\\\/\"]}]},{\"@type\":\"ImageObject\",\"inLanguage\":\"it-IT\",\"@id\":\"https:\\\/\\\/www.chiesavaldesepalermo.it\\\/pa\\\/sostenere-la-chiesa\\\/#primaryimage\",\"url\":\"https:\\\/\\\/www.chiesavaldesepalermo.it\\\/pa\\\/wp-content\\\/uploads\\\/2015\\\/10\\\/sostenere.png\",\"contentUrl\":\"https:\\\/\\\/www.chiesavaldesepalermo.it\\\/pa\\\/wp-content\\\/uploads\\\/2015\\\/10\\\/sostenere.png\",\"width\":1136,\"height\":1200},{\"@type\":\"BreadcrumbList\",\"@id\":\"https:\\\/\\\/www.chiesavaldesepalermo.it\\\/pa\\\/sostenere-la-chiesa\\\/#breadcrumb\",\"itemListElement\":[{\"@type\":\"ListItem\",\"position\":1,\"name\":\"Home\",\"item\":\"https:\\\/\\\/www.chiesavaldesepalermo.it\\\/pa\\\/\"},{\"@type\":\"ListItem\",\"position\":2,\"name\":\"Sostenere la chiesa\"}]},{\"@type\":\"WebSite\",\"@id\":\"https:\\\/\\\/www.chiesavaldesepalermo.it\\\/pa\\\/#website\",\"url\":\"https:\\\/\\\/www.chiesavaldesepalermo.it\\\/pa\\\/\",\"name\":\"Chiesa Valdese Palermo\",\"description\":\"Portale online della chiesa valdese di Palermo\",\"publisher\":{\"@id\":\"https:\\\/\\\/www.chiesavaldesepalermo.it\\\/pa\\\/#organization\"},\"potentialAction\":[{\"@type\":\"SearchAction\",\"target\":{\"@type\":\"EntryPoint\",\"urlTemplate\":\"https:\\\/\\\/www.chiesavaldesepalermo.it\\\/pa\\\/?s={search_term_string}\"},\"query-input\":{\"@type\":\"PropertyValueSpecification\",\"valueRequired\":true,\"valueName\":\"search_term_string\"}}],\"inLanguage\":\"it-IT\"},{\"@type\":\"Organization\",\"@id\":\"https:\\\/\\\/www.chiesavaldesepalermo.it\\\/pa\\\/#organization\",\"name\":\"Chiesa Valdese di Palermo\",\"url\":\"https:\\\/\\\/www.chiesavaldesepalermo.it\\\/pa\\\/\",\"logo\":{\"@type\":\"ImageObject\",\"inLanguage\":\"it-IT\",\"@id\":\"https:\\\/\\\/www.chiesavaldesepalermo.it\\\/pa\\\/#\\\/schema\\\/logo\\\/image\\\/\",\"url\":\"https:\\\/\\\/www.chiesavaldesepalermo.it\\\/pa\\\/wp-content\\\/uploads\\\/2021\\\/01\\\/chiesa-valdese-min-scaled.jpg\",\"contentUrl\":\"https:\\\/\\\/www.chiesavaldesepalermo.it\\\/pa\\\/wp-content\\\/uploads\\\/2021\\\/01\\\/chiesa-valdese-min-scaled.jpg\",\"width\":2560,\"height\":1570,\"caption\":\"Chiesa Valdese di Palermo\"},\"image\":{\"@id\":\"https:\\\/\\\/www.chiesavaldesepalermo.it\\\/pa\\\/#\\\/schema\\\/logo\\\/image\\\/\"},\"sameAs\":[\"https:\\\/\\\/www.facebook.com\\\/chiesavaldese.dipalermo\\\/\",\"https:\\\/\\\/x.com\\\/ValdesePa\",\"https:\\\/\\\/it.pinterest.com\\\/chiesavaldesepalermo\\\/\",\"https:\\\/\\\/it.wikipedia.org\\\/wiki\\\/Chiesa_evangelica_valdese#\\\/media\\\/File:Palermo-Chiesa-Valdese-bjs2007-01.jpg\"]}]}<\/script>\n<!-- \/ Yoast SEO plugin. -->","yoast_head_json":{"title":"Sostenere la chiesa - Chiesa Valdese Palermo","robots":{"index":"index","follow":"follow","max-snippet":"max-snippet:-1","max-image-preview":"max-image-preview:large","max-video-preview":"max-video-preview:-1"},"canonical":"https:\/\/www.chiesavaldesepalermo.it\/pa\/sostenere-la-chiesa\/","og_locale":"it_IT","og_type":"article","og_title":"Sostenere la chiesa - Chiesa Valdese Palermo","og_description":"Il denaro nella chiesa Le attivit\u00e0 di culto, evangelizzazione e istruzione religiosa nelle chiese metodiste e valdesi sono finanziate unicamente dalle libere offerte e contribuzioni dei membri di chiesa e [&hellip;]","og_url":"https:\/\/www.chiesavaldesepalermo.it\/pa\/sostenere-la-chiesa\/","og_site_name":"Chiesa Valdese Palermo","article_publisher":"https:\/\/www.facebook.com\/chiesavaldese.dipalermo\/","article_modified_time":"2020-03-12T10:50:42+00:00","og_image":[{"width":1136,"height":1200,"url":"https:\/\/www.chiesavaldesepalermo.it\/pa\/wp-content\/uploads\/2015\/10\/sostenere.png","type":"image\/png"}],"twitter_card":"summary_large_image","twitter_site":"@ValdesePa","twitter_misc":{"Tempo di lettura stimato":"2 minuti"},"schema":{"@context":"https:\/\/schema.org","@graph":[{"@type":"WebPage","@id":"https:\/\/www.chiesavaldesepalermo.it\/pa\/sostenere-la-chiesa\/","url":"https:\/\/www.chiesavaldesepalermo.it\/pa\/sostenere-la-chiesa\/","name":"Sostenere la chiesa - Chiesa Valdese Palermo","isPartOf":{"@id":"https:\/\/www.chiesavaldesepalermo.it\/pa\/#website"},"primaryImageOfPage":{"@id":"https:\/\/www.chiesavaldesepalermo.it\/pa\/sostenere-la-chiesa\/#primaryimage"},"image":{"@id":"https:\/\/www.chiesavaldesepalermo.it\/pa\/sostenere-la-chiesa\/#primaryimage"},"thumbnailUrl":"https:\/\/www.chiesavaldesepalermo.it\/pa\/wp-content\/uploads\/2015\/10\/sostenere.png","datePublished":"2015-10-07T21:42:54+00:00","dateModified":"2020-03-12T10:50:42+00:00","breadcrumb":{"@id":"https:\/\/www.chiesavaldesepalermo.it\/pa\/sostenere-la-chiesa\/#breadcrumb"},"inLanguage":"it-IT","potentialAction":[{"@type":"ReadAction","target":["https:\/\/www.chiesavaldesepalermo.it\/pa\/sostenere-la-chiesa\/"]}]},{"@type":"ImageObject","inLanguage":"it-IT","@id":"https:\/\/www.chiesavaldesepalermo.it\/pa\/sostenere-la-chiesa\/#primaryimage","url":"https:\/\/www.chiesavaldesepalermo.it\/pa\/wp-content\/uploads\/2015\/10\/sostenere.png","contentUrl":"https:\/\/www.chiesavaldesepalermo.it\/pa\/wp-content\/uploads\/2015\/10\/sostenere.png","width":1136,"height":1200},{"@type":"BreadcrumbList","@id":"https:\/\/www.chiesavaldesepalermo.it\/pa\/sostenere-la-chiesa\/#breadcrumb","itemListElement":[{"@type":"ListItem","position":1,"name":"Home","item":"https:\/\/www.chiesavaldesepalermo.it\/pa\/"},{"@type":"ListItem","position":2,"name":"Sostenere la chiesa"}]},{"@type":"WebSite","@id":"https:\/\/www.chiesavaldesepalermo.it\/pa\/#website","url":"https:\/\/www.chiesavaldesepalermo.it\/pa\/","name":"Chiesa Valdese Palermo","description":"Portale online della chiesa valdese di Palermo","publisher":{"@id":"https:\/\/www.chiesavaldesepalermo.it\/pa\/#organization"},"potentialAction":[{"@type":"SearchAction","target":{"@type":"EntryPoint","urlTemplate":"https:\/\/www.chiesavaldesepalermo.it\/pa\/?s={search_term_string}"},"query-input":{"@type":"PropertyValueSpecification","valueRequired":true,"valueName":"search_term_string"}}],"inLanguage":"it-IT"},{"@type":"Organization","@id":"https:\/\/www.chiesavaldesepalermo.it\/pa\/#organization","name":"Chiesa Valdese di Palermo","url":"https:\/\/www.chiesavaldesepalermo.it\/pa\/","logo":{"@type":"ImageObject","inLanguage":"it-IT","@id":"https:\/\/www.chiesavaldesepalermo.it\/pa\/#\/schema\/logo\/image\/","url":"https:\/\/www.chiesavaldesepalermo.it\/pa\/wp-content\/uploads\/2021\/01\/chiesa-valdese-min-scaled.jpg","contentUrl":"https:\/\/www.chiesavaldesepalermo.it\/pa\/wp-content\/uploads\/2021\/01\/chiesa-valdese-min-scaled.jpg","width":2560,"height":1570,"caption":"Chiesa Valdese di Palermo"},"image":{"@id":"https:\/\/www.chiesavaldesepalermo.it\/pa\/#\/schema\/logo\/image\/"},"sameAs":["https:\/\/www.facebook.com\/chiesavaldese.dipalermo\/","https:\/\/x.com\/ValdesePa","https:\/\/it.pinterest.com\/chiesavaldesepalermo\/","https:\/\/it.wikipedia.org\/wiki\/Chiesa_evangelica_valdese#\/media\/File:Palermo-Chiesa-Valdese-bjs2007-01.jpg"]}]}},"_links":{"self":[{"href":"https:\/\/www.chiesavaldesepalermo.it\/pa\/wp-json\/wp\/v2\/pages\/18","targetHints":{"allow":["GET"]}}],"collection":[{"href":"https:\/\/www.chiesavaldesepalermo.it\/pa\/wp-json\/wp\/v2\/pages"}],"about":[{"href":"https:\/\/www.chiesavaldesepalermo.it\/pa\/wp-json\/wp\/v2\/types\/page"}],"author":[{"embeddable":true,"href":"https:\/\/www.chiesavaldesepalermo.it\/pa\/wp-json\/wp\/v2\/users\/1"}],"replies":[{"embeddable":true,"href":"https:\/\/www.chiesavaldesepalermo.it\/pa\/wp-json\/wp\/v2\/comments?post=18"}],"version-history":[{"count":11,"href":"https:\/\/www.chiesavaldesepalermo.it\/pa\/wp-json\/wp\/v2\/pages\/18\/revisions"}],"predecessor-version":[{"id":841,"href":"https:\/\/www.chiesavaldesepalermo.it\/pa\/wp-json\/wp\/v2\/pages\/18\/revisions\/841"}],"wp:featuredmedia":[{"embeddable":true,"href":"https:\/\/www.chiesavaldesepalermo.it\/pa\/wp-json\/wp\/v2\/media\/278"}],"wp:attachment":[{"href":"https:\/\/www.chiesavaldesepalermo.it\/pa\/wp-json\/wp\/v2\/media?parent=18"}],"curies":[{"name":"wp","href":"https:\/\/api.w.org\/{rel}","templated":true}]}}