{"id":2,"date":"2015-01-09T03:48:51","date_gmt":"2015-01-09T03:48:51","guid":{"rendered":""},"modified":"2021-01-20T12:14:17","modified_gmt":"2021-01-20T11:14:17","slug":"la-nostra-chiesa","status":"publish","type":"page","link":"https:\/\/www.chiesavaldesepalermo.it\/pa\/la-nostra-chiesa\/","title":{"rendered":"La nostra chiesa"},"content":{"rendered":"\n<h2 class=\"wp-block-heading\">I valdesi<\/h2>\n\n\n\n<p>Alla fine del XII sec., il mercante Pietro Valdo, originario di Lione, e i suoi seguaci invitano laici ed ecclesiastici a vivere nella povert\u00e0 e nella fedelt\u00e0 al messaggio evangelico. Tra difficolt\u00e0 e persecuzioni il movimento si sviluppa in Francia, in Germania, nell\u2019Italia settentrionale e in quella meridionale. Nel 1517, Martin Lutero comincia a predicare la salvezza \u201cper sola grazia\u201d e a indicare nella Bibbia l\u2019unico fondamento della fede e della vita della chiesa. Nel 1532 i valdesi aderiscono alla riforma protestante e, nonostante violente persecuzioni da parte dell\u2019Inquisizione e dei loro stessi sovrani, riescono a sopravvivere in alcuni valli del Piemonte. Solo con l\u2019unit\u00e0 d\u2019Italia otterranno la possibilit\u00e0 di celebrare il proprio culto e professare la propria fede liberamente. Nel XVIII secolo in Inghilterra i fratelli Wesley iniziano una coraggiosa e aperta predicazione del vangelo tale da suscitare una continua santificazione di ogni uomo e dell\u2019intera societ\u00e0: nasce cos\u00ec il metodismo. Nel complesso contesto dell\u2019Italia contemporanea, valdesi e metodisti, nonostante avversione e ostacoli, riescono a diffondere un messaggio evangelico che tramite la \u201cdiaconia\u201d diventa concreta possibilit\u00e0 di liberazione per uomini e donne. Nel 1975 con il \u201cpatto di integrazione\u201d le due chiese iniziano in Italia un cammino comune che anche nella citt\u00e0 di Palermo vive nell\u2019annuncio dell\u2019evangelo e nel servizio agli ultimi, concretamente realizzato nell\u2019ambito di esperienze gi\u00e0 consolidate come quella del Centro Diaconale La Noce e di nuove importante sfide come quella del Pellegrino della Terra.<\/p>\n\n\n\n<p>Per maggiori informazioni sulla storia della chiesa valdese in Italia e nel mondo, visita il sito&nbsp;<a href=\"http:\/\/www.chiesavaldese.org\" target=\"_blank\" rel=\"noopener\">chiesavaldese.org<\/a>.<\/p>\n\n\n\n<h2 class=\"wp-block-heading\">La comunit\u00e0 di Palermo<\/h2>\n\n\n\n<p>La comunit\u00e0 valdese di Palermo svolge il proprio culto presso la chiesa sita in Via dello Spezio.<\/p>\n\n\n\n<div class=\"wp-block-image\"><figure class=\"alignleft size-large\"><img loading=\"lazy\" decoding=\"async\" width=\"1024\" height=\"628\" src=\"http:\/\/www.chiesavaldesepalermo.it\/pa\/wp-content\/uploads\/2021\/01\/chiesa-valdese-min-1024x628.jpg\" alt=\"\" class=\"wp-image-875\" srcset=\"https:\/\/www.chiesavaldesepalermo.it\/pa\/wp-content\/uploads\/2021\/01\/chiesa-valdese-min-1024x628.jpg 1024w, https:\/\/www.chiesavaldesepalermo.it\/pa\/wp-content\/uploads\/2021\/01\/chiesa-valdese-min-300x184.jpg 300w, https:\/\/www.chiesavaldesepalermo.it\/pa\/wp-content\/uploads\/2021\/01\/chiesa-valdese-min-768x471.jpg 768w, https:\/\/www.chiesavaldesepalermo.it\/pa\/wp-content\/uploads\/2021\/01\/chiesa-valdese-min-1536x942.jpg 1536w, https:\/\/www.chiesavaldesepalermo.it\/pa\/wp-content\/uploads\/2021\/01\/chiesa-valdese-min-2048x1256.jpg 2048w, https:\/\/www.chiesavaldesepalermo.it\/pa\/wp-content\/uploads\/2021\/01\/chiesa-valdese-min-570x350.jpg 570w\" sizes=\"auto, (max-width: 1024px) 100vw, 1024px\" \/><\/figure><\/div>\n\n\n\n<p>Il culto domenicale ha inizio alle ore 10:30.<\/p>\n\n\n\n<p>Nella pagina &#8220;Eventi&#8221; \u00e8 possibile scoprire tutte le attivit\u00e0 organizzate dalla nostra comunit\u00e0 e\/o alle quali la nostra chiesa decide di aderire. Iscrivendosi alla newsletter riceverete ogni mese una email contenente il calendario delle attivit\u00e0 programmate.<\/p>\n\n\n\n<h2 class=\"wp-block-heading\">Per approfondire<\/h2>\n\n\n\n<p>Riportiamo alcuni siti amici dai quali poter reperire maggiori informazione sulla Chiesa Valdese.<\/p>\n\n\n\n<ul class=\"wp-block-list\"><li><a href=\"http:\/\/www.claudiana.it\" target=\"_blank\" rel=\"noopener\">Casa Editrice Claudiana<\/a>:&nbsp;da oltre 150 anni la Claudiana \u00e8 la casa editrice di riferimento del mondo protestante italiano.<\/li><li><a href=\"http:\/\/www.protestantesimo.rai.it\/\" target=\"_blank\" rel=\"noopener\">Protestantesimo<\/a>:&nbsp;curato dalla Federazione delle Chiese Evangeliche in Italia in convenzione con la Rai, \u00e8 una rubrica che tratta argomenti relativi alle chiese protestanti italiane e nel mondo.<\/li><li><a href=\"http:\/\/www.riforma.it\" target=\"_blank\" rel=\"noopener\">Riforma<\/a>:&nbsp;il quotidiano on-line delle chiese evangeliche battiste, metodiste e valdesi in Italia.<\/li><\/ul>\n","protected":false},"excerpt":{"rendered":"<p>I valdesi Alla fine del XII sec., il mercante Pietro Valdo, originario di Lione, e i suoi seguaci invitano laici ed ecclesiastici a vivere nella povert\u00e0 e nella fedelt\u00e0 al [&hellip;]<\/p>\n","protected":false},"author":1,"featured_media":0,"parent":0,"menu_order":0,"comment_status":"closed","ping_status":"closed","template":"","meta":{"_EventAllDay":false,"_EventTimezone":"","_EventStartDate":"","_EventEndDate":"","_EventStartDateUTC":"","_EventEndDateUTC":"","_EventShowMap":false,"_EventShowMapLink":false,"_EventURL":"","_EventCost":"","_EventCostDescription":"","_EventCurrencySymbol":"","_EventCurrencyCode":"","_EventCurrencyPosition":"","_EventDateTimeSeparator":"","_EventTimeRangeSeparator":"","_EventOrganizerID":[],"_EventVenueID":[],"_OrganizerEmail":"","_OrganizerPhone":"","_OrganizerWebsite":"","_VenueAddress":"","_VenueCity":"","_VenueCountry":"","_VenueProvince":"","_VenueState":"","_VenueZip":"","_VenuePhone":"","_VenueURL":"","_VenueStateProvince":"","_VenueLat":"","_VenueLng":"","_VenueShowMap":false,"_VenueShowMapLink":false,"footnotes":""},"class_list":["post-2","page","type-page","status-publish","czr-hentry"],"yoast_head":"<!-- This site is optimized with the Yoast SEO plugin v27.3 - https:\/\/yoast.com\/product\/yoast-seo-wordpress\/ -->\n<title>La nostra chiesa - Chiesa Valdese Palermo<\/title>\n<meta name=\"robots\" content=\"index, follow, max-snippet:-1, max-image-preview:large, max-video-preview:-1\" \/>\n<link rel=\"canonical\" href=\"https:\/\/www.chiesavaldesepalermo.it\/pa\/la-nostra-chiesa\/\" \/>\n<meta property=\"og:locale\" content=\"it_IT\" \/>\n<meta property=\"og:type\" content=\"article\" \/>\n<meta property=\"og:title\" content=\"La nostra chiesa - Chiesa Valdese Palermo\" \/>\n<meta property=\"og:description\" content=\"I valdesi Alla fine del XII sec., il mercante Pietro Valdo, originario di Lione, e i suoi seguaci invitano laici ed ecclesiastici a vivere nella povert\u00e0 e nella fedelt\u00e0 al [&hellip;]\" \/>\n<meta property=\"og:url\" content=\"https:\/\/www.chiesavaldesepalermo.it\/pa\/la-nostra-chiesa\/\" \/>\n<meta property=\"og:site_name\" content=\"Chiesa Valdese Palermo\" \/>\n<meta property=\"article:publisher\" content=\"https:\/\/www.facebook.com\/chiesavaldese.dipalermo\/\" \/>\n<meta property=\"article:modified_time\" content=\"2021-01-20T11:14:17+00:00\" \/>\n<meta property=\"og:image\" content=\"http:\/\/www.chiesavaldesepalermo.it\/pa\/wp-content\/uploads\/2021\/01\/chiesa-valdese-min-1024x628.jpg\" \/>\n<meta name=\"twitter:card\" content=\"summary_large_image\" \/>\n<meta name=\"twitter:site\" content=\"@ValdesePa\" \/>\n<meta name=\"twitter:label1\" content=\"Tempo di lettura stimato\" \/>\n\t<meta name=\"twitter:data1\" content=\"2 minuti\" \/>\n<script type=\"application\/ld+json\" class=\"yoast-schema-graph\">{\"@context\":\"https:\\\/\\\/schema.org\",\"@graph\":[{\"@type\":\"WebPage\",\"@id\":\"https:\\\/\\\/www.chiesavaldesepalermo.it\\\/pa\\\/la-nostra-chiesa\\\/\",\"url\":\"https:\\\/\\\/www.chiesavaldesepalermo.it\\\/pa\\\/la-nostra-chiesa\\\/\",\"name\":\"La nostra chiesa - Chiesa Valdese Palermo\",\"isPartOf\":{\"@id\":\"https:\\\/\\\/www.chiesavaldesepalermo.it\\\/pa\\\/#website\"},\"primaryImageOfPage\":{\"@id\":\"https:\\\/\\\/www.chiesavaldesepalermo.it\\\/pa\\\/la-nostra-chiesa\\\/#primaryimage\"},\"image\":{\"@id\":\"https:\\\/\\\/www.chiesavaldesepalermo.it\\\/pa\\\/la-nostra-chiesa\\\/#primaryimage\"},\"thumbnailUrl\":\"http:\\\/\\\/www.chiesavaldesepalermo.it\\\/pa\\\/wp-content\\\/uploads\\\/2021\\\/01\\\/chiesa-valdese-min-1024x628.jpg\",\"datePublished\":\"2015-01-09T03:48:51+00:00\",\"dateModified\":\"2021-01-20T11:14:17+00:00\",\"breadcrumb\":{\"@id\":\"https:\\\/\\\/www.chiesavaldesepalermo.it\\\/pa\\\/la-nostra-chiesa\\\/#breadcrumb\"},\"inLanguage\":\"it-IT\",\"potentialAction\":[{\"@type\":\"ReadAction\",\"target\":[\"https:\\\/\\\/www.chiesavaldesepalermo.it\\\/pa\\\/la-nostra-chiesa\\\/\"]}]},{\"@type\":\"ImageObject\",\"inLanguage\":\"it-IT\",\"@id\":\"https:\\\/\\\/www.chiesavaldesepalermo.it\\\/pa\\\/la-nostra-chiesa\\\/#primaryimage\",\"url\":\"http:\\\/\\\/www.chiesavaldesepalermo.it\\\/pa\\\/wp-content\\\/uploads\\\/2021\\\/01\\\/chiesa-valdese-min-1024x628.jpg\",\"contentUrl\":\"http:\\\/\\\/www.chiesavaldesepalermo.it\\\/pa\\\/wp-content\\\/uploads\\\/2021\\\/01\\\/chiesa-valdese-min-1024x628.jpg\"},{\"@type\":\"BreadcrumbList\",\"@id\":\"https:\\\/\\\/www.chiesavaldesepalermo.it\\\/pa\\\/la-nostra-chiesa\\\/#breadcrumb\",\"itemListElement\":[{\"@type\":\"ListItem\",\"position\":1,\"name\":\"Home\",\"item\":\"https:\\\/\\\/www.chiesavaldesepalermo.it\\\/pa\\\/\"},{\"@type\":\"ListItem\",\"position\":2,\"name\":\"La nostra chiesa\"}]},{\"@type\":\"WebSite\",\"@id\":\"https:\\\/\\\/www.chiesavaldesepalermo.it\\\/pa\\\/#website\",\"url\":\"https:\\\/\\\/www.chiesavaldesepalermo.it\\\/pa\\\/\",\"name\":\"Chiesa Valdese Palermo\",\"description\":\"Portale online della chiesa valdese di Palermo\",\"publisher\":{\"@id\":\"https:\\\/\\\/www.chiesavaldesepalermo.it\\\/pa\\\/#organization\"},\"potentialAction\":[{\"@type\":\"SearchAction\",\"target\":{\"@type\":\"EntryPoint\",\"urlTemplate\":\"https:\\\/\\\/www.chiesavaldesepalermo.it\\\/pa\\\/?s={search_term_string}\"},\"query-input\":{\"@type\":\"PropertyValueSpecification\",\"valueRequired\":true,\"valueName\":\"search_term_string\"}}],\"inLanguage\":\"it-IT\"},{\"@type\":\"Organization\",\"@id\":\"https:\\\/\\\/www.chiesavaldesepalermo.it\\\/pa\\\/#organization\",\"name\":\"Chiesa Valdese di Palermo\",\"url\":\"https:\\\/\\\/www.chiesavaldesepalermo.it\\\/pa\\\/\",\"logo\":{\"@type\":\"ImageObject\",\"inLanguage\":\"it-IT\",\"@id\":\"https:\\\/\\\/www.chiesavaldesepalermo.it\\\/pa\\\/#\\\/schema\\\/logo\\\/image\\\/\",\"url\":\"https:\\\/\\\/www.chiesavaldesepalermo.it\\\/pa\\\/wp-content\\\/uploads\\\/2021\\\/01\\\/chiesa-valdese-min-scaled.jpg\",\"contentUrl\":\"https:\\\/\\\/www.chiesavaldesepalermo.it\\\/pa\\\/wp-content\\\/uploads\\\/2021\\\/01\\\/chiesa-valdese-min-scaled.jpg\",\"width\":2560,\"height\":1570,\"caption\":\"Chiesa Valdese di Palermo\"},\"image\":{\"@id\":\"https:\\\/\\\/www.chiesavaldesepalermo.it\\\/pa\\\/#\\\/schema\\\/logo\\\/image\\\/\"},\"sameAs\":[\"https:\\\/\\\/www.facebook.com\\\/chiesavaldese.dipalermo\\\/\",\"https:\\\/\\\/x.com\\\/ValdesePa\",\"https:\\\/\\\/it.pinterest.com\\\/chiesavaldesepalermo\\\/\",\"https:\\\/\\\/it.wikipedia.org\\\/wiki\\\/Chiesa_evangelica_valdese#\\\/media\\\/File:Palermo-Chiesa-Valdese-bjs2007-01.jpg\"]}]}<\/script>\n<!-- \/ Yoast SEO plugin. -->","yoast_head_json":{"title":"La nostra chiesa - Chiesa Valdese Palermo","robots":{"index":"index","follow":"follow","max-snippet":"max-snippet:-1","max-image-preview":"max-image-preview:large","max-video-preview":"max-video-preview:-1"},"canonical":"https:\/\/www.chiesavaldesepalermo.it\/pa\/la-nostra-chiesa\/","og_locale":"it_IT","og_type":"article","og_title":"La nostra chiesa - Chiesa Valdese Palermo","og_description":"I valdesi Alla fine del XII sec., il mercante Pietro Valdo, originario di Lione, e i suoi seguaci invitano laici ed ecclesiastici a vivere nella povert\u00e0 e nella fedelt\u00e0 al [&hellip;]","og_url":"https:\/\/www.chiesavaldesepalermo.it\/pa\/la-nostra-chiesa\/","og_site_name":"Chiesa Valdese Palermo","article_publisher":"https:\/\/www.facebook.com\/chiesavaldese.dipalermo\/","article_modified_time":"2021-01-20T11:14:17+00:00","og_image":[{"url":"http:\/\/www.chiesavaldesepalermo.it\/pa\/wp-content\/uploads\/2021\/01\/chiesa-valdese-min-1024x628.jpg","type":"","width":"","height":""}],"twitter_card":"summary_large_image","twitter_site":"@ValdesePa","twitter_misc":{"Tempo di lettura stimato":"2 minuti"},"schema":{"@context":"https:\/\/schema.org","@graph":[{"@type":"WebPage","@id":"https:\/\/www.chiesavaldesepalermo.it\/pa\/la-nostra-chiesa\/","url":"https:\/\/www.chiesavaldesepalermo.it\/pa\/la-nostra-chiesa\/","name":"La nostra chiesa - Chiesa Valdese Palermo","isPartOf":{"@id":"https:\/\/www.chiesavaldesepalermo.it\/pa\/#website"},"primaryImageOfPage":{"@id":"https:\/\/www.chiesavaldesepalermo.it\/pa\/la-nostra-chiesa\/#primaryimage"},"image":{"@id":"https:\/\/www.chiesavaldesepalermo.it\/pa\/la-nostra-chiesa\/#primaryimage"},"thumbnailUrl":"http:\/\/www.chiesavaldesepalermo.it\/pa\/wp-content\/uploads\/2021\/01\/chiesa-valdese-min-1024x628.jpg","datePublished":"2015-01-09T03:48:51+00:00","dateModified":"2021-01-20T11:14:17+00:00","breadcrumb":{"@id":"https:\/\/www.chiesavaldesepalermo.it\/pa\/la-nostra-chiesa\/#breadcrumb"},"inLanguage":"it-IT","potentialAction":[{"@type":"ReadAction","target":["https:\/\/www.chiesavaldesepalermo.it\/pa\/la-nostra-chiesa\/"]}]},{"@type":"ImageObject","inLanguage":"it-IT","@id":"https:\/\/www.chiesavaldesepalermo.it\/pa\/la-nostra-chiesa\/#primaryimage","url":"http:\/\/www.chiesavaldesepalermo.it\/pa\/wp-content\/uploads\/2021\/01\/chiesa-valdese-min-1024x628.jpg","contentUrl":"http:\/\/www.chiesavaldesepalermo.it\/pa\/wp-content\/uploads\/2021\/01\/chiesa-valdese-min-1024x628.jpg"},{"@type":"BreadcrumbList","@id":"https:\/\/www.chiesavaldesepalermo.it\/pa\/la-nostra-chiesa\/#breadcrumb","itemListElement":[{"@type":"ListItem","position":1,"name":"Home","item":"https:\/\/www.chiesavaldesepalermo.it\/pa\/"},{"@type":"ListItem","position":2,"name":"La nostra chiesa"}]},{"@type":"WebSite","@id":"https:\/\/www.chiesavaldesepalermo.it\/pa\/#website","url":"https:\/\/www.chiesavaldesepalermo.it\/pa\/","name":"Chiesa Valdese Palermo","description":"Portale online della chiesa valdese di Palermo","publisher":{"@id":"https:\/\/www.chiesavaldesepalermo.it\/pa\/#organization"},"potentialAction":[{"@type":"SearchAction","target":{"@type":"EntryPoint","urlTemplate":"https:\/\/www.chiesavaldesepalermo.it\/pa\/?s={search_term_string}"},"query-input":{"@type":"PropertyValueSpecification","valueRequired":true,"valueName":"search_term_string"}}],"inLanguage":"it-IT"},{"@type":"Organization","@id":"https:\/\/www.chiesavaldesepalermo.it\/pa\/#organization","name":"Chiesa Valdese di Palermo","url":"https:\/\/www.chiesavaldesepalermo.it\/pa\/","logo":{"@type":"ImageObject","inLanguage":"it-IT","@id":"https:\/\/www.chiesavaldesepalermo.it\/pa\/#\/schema\/logo\/image\/","url":"https:\/\/www.chiesavaldesepalermo.it\/pa\/wp-content\/uploads\/2021\/01\/chiesa-valdese-min-scaled.jpg","contentUrl":"https:\/\/www.chiesavaldesepalermo.it\/pa\/wp-content\/uploads\/2021\/01\/chiesa-valdese-min-scaled.jpg","width":2560,"height":1570,"caption":"Chiesa Valdese di Palermo"},"image":{"@id":"https:\/\/www.chiesavaldesepalermo.it\/pa\/#\/schema\/logo\/image\/"},"sameAs":["https:\/\/www.facebook.com\/chiesavaldese.dipalermo\/","https:\/\/x.com\/ValdesePa","https:\/\/it.pinterest.com\/chiesavaldesepalermo\/","https:\/\/it.wikipedia.org\/wiki\/Chiesa_evangelica_valdese#\/media\/File:Palermo-Chiesa-Valdese-bjs2007-01.jpg"]}]}},"_links":{"self":[{"href":"https:\/\/www.chiesavaldesepalermo.it\/pa\/wp-json\/wp\/v2\/pages\/2","targetHints":{"allow":["GET"]}}],"collection":[{"href":"https:\/\/www.chiesavaldesepalermo.it\/pa\/wp-json\/wp\/v2\/pages"}],"about":[{"href":"https:\/\/www.chiesavaldesepalermo.it\/pa\/wp-json\/wp\/v2\/types\/page"}],"author":[{"embeddable":true,"href":"https:\/\/www.chiesavaldesepalermo.it\/pa\/wp-json\/wp\/v2\/users\/1"}],"replies":[{"embeddable":true,"href":"https:\/\/www.chiesavaldesepalermo.it\/pa\/wp-json\/wp\/v2\/comments?post=2"}],"version-history":[{"count":12,"href":"https:\/\/www.chiesavaldesepalermo.it\/pa\/wp-json\/wp\/v2\/pages\/2\/revisions"}],"predecessor-version":[{"id":887,"href":"https:\/\/www.chiesavaldesepalermo.it\/pa\/wp-json\/wp\/v2\/pages\/2\/revisions\/887"}],"wp:attachment":[{"href":"https:\/\/www.chiesavaldesepalermo.it\/pa\/wp-json\/wp\/v2\/media?parent=2"}],"curies":[{"name":"wp","href":"https:\/\/api.w.org\/{rel}","templated":true}]}}